{"id":5566,"date":"2023-05-10T07:16:16","date_gmt":"2023-05-10T12:16:16","guid":{"rendered":"https:\/\/www.phcx.org\/es\/?page_id=5566"},"modified":"2024-01-11T22:25:00","modified_gmt":"2024-01-12T04:25:00","slug":"accesibilidad","status":"publish","type":"page","link":"https:\/\/www.phcx.org\/es\/accesibilidad\/","title":{"rendered":"Accesibilidad"},"content":{"rendered":"<p>[et_pb_section fb_built=&#8221;1&#8243; module_class=&#8221;title-sec&#8221; _builder_version=&#8221;4.21.0&#8243; _module_preset=&#8221;default&#8221; use_background_color_gradient=&#8221;on&#8221; background_color_gradient_stops=&#8221;rgba(0,0,0,0.74) 0%|rgba(0,0,0,0.35) 33%&#8221; background_color_gradient_overlays_image=&#8221;on&#8221; background_image=&#8221;https:\/\/www.phcx.org\/es\/wp-content\/uploads\/2023\/05\/title-img.jpg&#8221; custom_padding=&#8221;0px||0px||false|false&#8221; bottom_divider_style=&#8221;mountains2&#8243; bottom_divider_color=&#8221;#FFFFFF&#8221; da_disable_devices=&#8221;off|off|off&#8221; global_colors_info=&#8221;{}&#8221; da_is_popup=&#8221;off&#8221; da_exit_intent=&#8221;off&#8221; da_has_close=&#8221;on&#8221; da_alt_close=&#8221;off&#8221; da_dark_close=&#8221;off&#8221; da_not_modal=&#8221;on&#8221; da_is_singular=&#8221;off&#8221; da_with_loader=&#8221;off&#8221; da_has_shadow=&#8221;on&#8221;][et_pb_row use_custom_gutter=&#8221;on&#8221; _builder_version=&#8221;4.20.4&#8243; _module_preset=&#8221;default&#8221; background_image=&#8221;https:\/\/www.phcx.org\/es\/wp-content\/uploads\/2023\/05\/inside-bg.png&#8221; background_size=&#8221;initial&#8221; background_position=&#8221;top_left&#8221; width=&#8221;100%&#8221; max_width=&#8221;100%&#8221; custom_padding=&#8221;||||false|false&#8221; global_colors_info=&#8221;{}&#8221;][et_pb_column type=&#8221;4_4&#8243; _builder_version=&#8221;4.20.4&#8243; _module_preset=&#8221;default&#8221; global_colors_info=&#8221;{}&#8221;][et_pb_post_title meta=&#8221;off&#8221; featured_image=&#8221;off&#8221; _builder_version=&#8221;4.20.4&#8243; _module_preset=&#8221;default&#8221; text_orientation=&#8221;center&#8221; custom_padding=&#8221;||||false|false&#8221; global_colors_info=&#8221;{}&#8221;][\/et_pb_post_title][\/et_pb_column][\/et_pb_row][\/et_pb_section][et_pb_section fb_built=&#8221;1&#8243; _builder_version=&#8221;4.21.0&#8243; _module_preset=&#8221;default&#8221; background_enable_image=&#8221;off&#8221; da_disable_devices=&#8221;off|off|off&#8221; global_colors_info=&#8221;{}&#8221; da_is_popup=&#8221;off&#8221; da_exit_intent=&#8221;off&#8221; da_has_close=&#8221;on&#8221; da_alt_close=&#8221;off&#8221; da_dark_close=&#8221;off&#8221; da_not_modal=&#8221;on&#8221; da_is_singular=&#8221;off&#8221; da_with_loader=&#8221;off&#8221; da_has_shadow=&#8221;on&#8221;][et_pb_row use_custom_gutter=&#8221;on&#8221; gutter_width=&#8221;2&#8243; _builder_version=&#8221;4.21.0&#8243; _module_preset=&#8221;default&#8221; background_enable_color=&#8221;off&#8221; custom_padding=&#8221;40px|40px|50px|40px|false|false&#8221; border_radii=&#8221;on|20px|20px|20px|20px&#8221; border_width_all=&#8221;1px&#8221; border_color_all=&#8221;#86031d&#8221; border_width_left=&#8221;5px&#8221; global_colors_info=&#8221;{}&#8221;][et_pb_column type=&#8221;4_4&#8243; _builder_version=&#8221;4.21.0&#8243; _module_preset=&#8221;default&#8221; global_colors_info=&#8221;{}&#8221;][et_pb_text _builder_version=&#8221;4.21.0&#8243; _module_preset=&#8221;default&#8221; header_2_font_size=&#8221;38px&#8221; header_2_line_height=&#8221;1.52em&#8221; header_3_font_size=&#8221;30px&#8221; header_3_line_height=&#8221;1.2em&#8221; global_colors_info=&#8221;{}&#8221;]<\/p>\n<h2>Declaraci\u00f3n de accesibilidad<\/h2>\n<h3>General<\/h3>\n<p>PHCX.org se esfuerza por garantizar que sus servicios sean accesibles para personas con discapacidades. PHCX.org ha invertido una cantidad significativa de recursos para ayudar a garantizar que su sitio web sea m\u00e1s f\u00e1cil de usar y m\u00e1s accesible para las personas con discapacidades, con la firme convicci\u00f3n de que toda persona tiene derecho a vivir con dignidad, igualdad, comodidad e independencia.<\/p>\n<h3>Accessibility on PHCX.org<\/h3>\n<p>PHCX.org pone a disposici\u00f3n el <a href=\"https:\/\/userway.org\/\" alt=\"Free Website Accessibility Widget\" title=\"Free Website Accessibility Widget\">UserWay Website Accessibility Widget<\/a> que funciona con un servidor de accesibilidad dedicado. El software permite a PHCX.org mejorar su cumplimiento de las Pautas de accesibilidad al contenido web (WCAG 2.1).<\/p>\n<h3>Habilitar el men\u00fa de accesibilidad<\/h3>\n<p>El men\u00fa de accesibilidad de PHCX.org se puede habilitar haciendo clic en el icono del men\u00fa de accesibilidad que aparece en la esquina de la p\u00e1gina. Despu\u00e9s de activar el men\u00fa de accesibilidad, espere un momento hasta que se cargue por completo.<\/p>\n<h3>Descargo de responsabilidad<\/h3>\n<p>PHCX.org contin\u00faa sus esfuerzos para mejorar constantemente la accesibilidad de su sitio y sus servicios con la creencia de que es nuestra obligaci\u00f3n moral colectiva permitir un uso fluido, accesible y sin obst\u00e1culos tambi\u00e9n para aquellos de nosotros con discapacidades.<\/p>\n<p>A pesar de nuestros esfuerzos por hacer que todas las p\u00e1ginas y el contenido de PHCX.org sean totalmente accesibles, es posible que algunos contenidos a\u00fan no se hayan adaptado completamente a los est\u00e1ndares de accesibilidad m\u00e1s estrictos. Esto puede deberse a no haber encontrado o identificado la soluci\u00f3n tecnol\u00f3gica m\u00e1s adecuada.<\/p>\n<h3>Aqu\u00ed para ti<\/h3>\n<p>Si tiene dificultades con alg\u00fan contenido de PHCX.org o necesita ayuda con cualquier parte de nuestro sitio, comun\u00edquese con nosotros durante el horario comercial normal y estaremos encantados de ayudarle.<\/p>\n<h3>Contacta con nosotras<\/h3>\n<p>Si desea informar un problema de accesibilidad, tiene alguna pregunta o necesita ayuda, comun\u00edquese con Atenci\u00f3n al cliente de PHCX.org de la siguiente manera:<\/p>\n<p>Correo electr\u00f3nico: <a href=\"mailto:info@phcx.org\">info@phcx.org<\/a><\/p>\n<p>[\/et_pb_text][\/et_pb_column][\/et_pb_row][\/et_pb_section]<\/p>\n","protected":false},"excerpt":{"rendered":"<p>Declaraci\u00f3n de accesibilidad General PHCX.org se esfuerza por garantizar que sus servicios sean accesibles para personas con discapacidades. PHCX.org ha invertido una cantidad significativa de recursos para ayudar a garantizar que su sitio web sea m\u00e1s f\u00e1cil de usar y m\u00e1s accesible para las personas con discapacidades, con la firme convicci\u00f3n de que toda persona [&hellip;]<\/p>\n","protected":false},"author":1,"featured_media":8929,"parent":0,"menu_order":0,"comment_status":"closed","ping_status":"closed","template":"","meta":{"_et_pb_use_builder":"on","_et_pb_old_content":"","_et_gb_content_width":"","footnotes":""},"class_list":["post-5566","page","type-page","status-publish","has-post-thumbnail","hentry"],"aioseo_notices":[],"_links":{"self":[{"href":"https:\/\/www.phcx.org\/es\/wp-json\/wp\/v2\/pages\/5566","targetHints":{"allow":["GET"]}}],"collection":[{"href":"https:\/\/www.phcx.org\/es\/wp-json\/wp\/v2\/pages"}],"about":[{"href":"https:\/\/www.phcx.org\/es\/wp-json\/wp\/v2\/types\/page"}],"author":[{"embeddable":true,"href":"https:\/\/www.phcx.org\/es\/wp-json\/wp\/v2\/users\/1"}],"replies":[{"embeddable":true,"href":"https:\/\/www.phcx.org\/es\/wp-json\/wp\/v2\/comments?post=5566"}],"version-history":[{"count":18,"href":"https:\/\/www.phcx.org\/es\/wp-json\/wp\/v2\/pages\/5566\/revisions"}],"predecessor-version":[{"id":8930,"href":"https:\/\/www.phcx.org\/es\/wp-json\/wp\/v2\/pages\/5566\/revisions\/8930"}],"wp:featuredmedia":[{"embeddable":true,"href":"https:\/\/www.phcx.org\/es\/wp-json\/wp\/v2\/media\/8929"}],"wp:attachment":[{"href":"https:\/\/www.phcx.org\/es\/wp-json\/wp\/v2\/media?parent=5566"}],"curies":[{"name":"wp","href":"https:\/\/api.w.org\/{rel}","templated":true}]}}