{"id":5641,"date":"2023-05-10T07:48:31","date_gmt":"2023-05-10T12:48:31","guid":{"rendered":"https:\/\/www.phcx.org\/es\/?page_id=5641"},"modified":"2024-01-11T22:30:28","modified_gmt":"2024-01-12T04:30:28","slug":"evaluacion-covid-19","status":"publish","type":"page","link":"https:\/\/www.phcx.org\/es\/evaluacion-covid-19\/","title":{"rendered":"Evaluaci\u00f3n COVID-19"},"content":{"rendered":"<p>[et_pb_section fb_built=&#8221;1&#8243; module_class=&#8221;title-sec&#8221; _builder_version=&#8221;4.21.0&#8243; _module_preset=&#8221;default&#8221; use_background_color_gradient=&#8221;on&#8221; background_color_gradient_stops=&#8221;rgba(0,0,0,0.74) 0%|rgba(0,0,0,0.35) 33%&#8221; background_color_gradient_overlays_image=&#8221;on&#8221; background_image=&#8221;https:\/\/www.phcx.org\/es\/wp-content\/uploads\/2023\/05\/title-img.jpg&#8221; custom_padding=&#8221;0px||0px||false|false&#8221; bottom_divider_style=&#8221;mountains2&#8243; bottom_divider_color=&#8221;#FFFFFF&#8221; da_disable_devices=&#8221;off|off|off&#8221; global_colors_info=&#8221;{}&#8221; da_is_popup=&#8221;off&#8221; da_exit_intent=&#8221;off&#8221; da_has_close=&#8221;on&#8221; da_alt_close=&#8221;off&#8221; da_dark_close=&#8221;off&#8221; da_not_modal=&#8221;on&#8221; da_is_singular=&#8221;off&#8221; da_with_loader=&#8221;off&#8221; da_has_shadow=&#8221;on&#8221;][et_pb_row use_custom_gutter=&#8221;on&#8221; _builder_version=&#8221;4.20.4&#8243; _module_preset=&#8221;default&#8221; background_image=&#8221;https:\/\/www.phcx.org\/es\/wp-content\/uploads\/2023\/05\/inside-bg.png&#8221; background_size=&#8221;initial&#8221; background_position=&#8221;top_left&#8221; width=&#8221;100%&#8221; max_width=&#8221;100%&#8221; custom_padding=&#8221;||||false|false&#8221; global_colors_info=&#8221;{}&#8221;][et_pb_column type=&#8221;4_4&#8243; _builder_version=&#8221;4.20.4&#8243; _module_preset=&#8221;default&#8221; global_colors_info=&#8221;{}&#8221;][et_pb_post_title meta=&#8221;off&#8221; featured_image=&#8221;off&#8221; _builder_version=&#8221;4.20.4&#8243; _module_preset=&#8221;default&#8221; text_orientation=&#8221;center&#8221; custom_padding=&#8221;||||false|false&#8221; global_colors_info=&#8221;{}&#8221;][\/et_pb_post_title][\/et_pb_column][\/et_pb_row][\/et_pb_section][et_pb_section fb_built=&#8221;1&#8243; _builder_version=&#8221;4.16&#8243; custom_padding=&#8221;0px||||false|false&#8221; da_disable_devices=&#8221;off|off|off&#8221; global_colors_info=&#8221;{}&#8221; da_is_popup=&#8221;off&#8221; da_exit_intent=&#8221;off&#8221; da_has_close=&#8221;on&#8221; da_alt_close=&#8221;off&#8221; da_dark_close=&#8221;off&#8221; da_not_modal=&#8221;on&#8221; da_is_singular=&#8221;off&#8221; da_with_loader=&#8221;off&#8221; da_has_shadow=&#8221;on&#8221;][et_pb_row _builder_version=&#8221;4.16&#8243; global_colors_info=&#8221;{}&#8221;][et_pb_column type=&#8221;4_4&#8243; _builder_version=&#8221;4.16&#8243; global_colors_info=&#8221;{}&#8221;][et_pb_text _builder_version=&#8221;4.16&#8243; global_colors_info=&#8221;{}&#8221;]<\/p>\n<p>El prop\u00f3sito de la Evaluaci\u00f3n COVID-19 del Condado de Harris es ayudarlo a tomar una decisi\u00f3n sobre si usted, o alguien bajo su cuidado, puede querer hacerse una prueba de COVID-19.<\/p>\n<p>[\/et_pb_text][et_pb_text admin_label=&#8221;bullets&#8221; _builder_version=&#8221;4.21.0&#8243; custom_padding=&#8221;||0px||false|false&#8221; global_colors_info=&#8221;{}&#8221;]<\/p>\n<ul>\n<li>La autoevaluaci\u00f3n tiene \u00fanicamente fines informativos. No es una opini\u00f3n m\u00e9dica profesional y no puede diagnosticar si tienes COVID-19.<\/li>\n<li>Por favor complete todo el formulario; Esta informaci\u00f3n es muy importante para ayudarnos a comprender c\u00f3mo el COVID-19 est\u00e1 afectando a nuestra comunidad.<\/li>\n<li>Toda la informaci\u00f3n que usted proporcione es confidencial y no ser\u00e1 compartida con otros.<\/li>\n<\/ul>\n<p>[\/et_pb_text][et_pb_text _builder_version=&#8221;4.21.0&#8243; global_colors_info=&#8221;{}&#8221;]<\/p>\n<p><span style=\"font-weight: 400;\">Hay dos tipos de pruebas disponibles en Pasadena Health Center:<\/span><\/p>\n<ul>\n<li style=\"font-weight: 400;\"><b>La prueba de anticuerpos: <\/b>un an\u00e1lisis de sangre que se utiliza para determinar la presencia de anticuerpos contra el SARS-CoV-2. La prueba no es tan sensible como la prueba con hisopo y detecta el virus indirectamente.<\/li>\n<li style=\"font-weight: 400;\"><strong>La prueba con hisopo:<\/strong> La reacci\u00f3n en cadena de la polimerasa en tiempo real (RT-PCR) o prueba con hisopo es lo que prefiere el Departamento de Servicios de Salud del Estado de Texas para detectar el virus.<\/li>\n<\/ul>\n<p><a href=\"https:\/\/www.phcx.org\/es\/2020\/05\/08\/coronavirus-test-which-one-is-better\/\" target=\"_blank\" rel=\"noopener noreferrer\">Obtenga m\u00e1s informaci\u00f3n sobre los tipos de pruebas y cu\u00e1l es mejor para usted aqu\u00ed.<\/a><\/p>\n<p><strong>Las pruebas se realizan \u00fanicamente con cita previa. Llame con anticipaci\u00f3n para que nuestra cl\u00ednica pueda prepararse.<\/strong><\/p>\n<p>[\/et_pb_text][et_pb_text _builder_version=&#8221;4.21.0&#8243; text_font=&#8221;|700|||||||&#8221; text_text_color=&#8221;#436998&#8243; text_font_size=&#8221;18px&#8221; text_line_height=&#8221;1.8em&#8221; custom_padding=&#8221;0px||||false|false&#8221; global_colors_info=&#8221;{}&#8221;]<\/p>\n<p>Si experimenta alguno de los siguientes s\u00edntomas, como dificultad para respirar, dolor en el pecho, confusi\u00f3n, sensaci\u00f3n de desmayo, etc., llame al 911.<\/p>\n<p>[\/et_pb_text][et_pb_divider color=&#8221;#eee&#8221; _builder_version=&#8221;4.16&#8243; custom_margin=&#8221;||-6px|||&#8221; global_colors_info=&#8221;{}&#8221;][\/et_pb_divider][\/et_pb_column][\/et_pb_row][et_pb_row _builder_version=&#8221;4.16&#8243; background_color=&#8221;#86031d&#8221; custom_margin=&#8221;-17px|auto||auto||&#8221; custom_padding=&#8221;20px||20px|30px|false|false&#8221; border_radii=&#8221;on|5px|5px|5px|5px&#8221; global_colors_info=&#8221;{}&#8221;][et_pb_column type=&#8221;4_4&#8243; _builder_version=&#8221;4.16&#8243; global_colors_info=&#8221;{}&#8221;][et_pb_text _builder_version=&#8221;4.21.0&#8243; background_layout=&#8221;dark&#8221; custom_padding=&#8221;|30px||10px|false|false&#8221; global_colors_info=&#8221;{}&#8221;]<\/p>\n<p><strong>\u00bfQui\u00e9n deber\u00eda considerar hacerse la prueba de COVID-19?<\/strong><\/p>\n<hr \/>\n<ul>\n<li>Personas con fiebre y\/o otros s\u00edntomas como: tos, dificultad para respirar y diarrea<\/li>\n<li>Personas que han tenido contacto con alguien diagnosticado con COVID-19<\/li>\n<li>Personas con otras condiciones de salud como: diabetes, enfermedad pulmonar, hipertensi\u00f3n o embarazo<\/li>\n<li>Personas de 60 a\u00f1os o m\u00e1s<\/li>\n<li>Trabajadores de la salud (p. ej., hospitales, residencias de ancianos, etc.) y socorristas<\/li>\n<\/ul>\n<p>[\/et_pb_text][\/et_pb_column][\/et_pb_row][et_pb_row _builder_version=&#8221;4.16&#8243; global_colors_info=&#8221;{}&#8221;][et_pb_column type=&#8221;4_4&#8243; _builder_version=&#8221;4.16&#8243; global_colors_info=&#8221;{}&#8221;][et_pb_text _builder_version=&#8221;4.21.0&#8243; text_line_height=&#8221;1.8em&#8221; global_colors_info=&#8221;{}&#8221;]<\/p>\n<p>Este sistema no est\u00e1 dise\u00f1ado para el diagn\u00f3stico o tratamiento de enfermedades u otras afecciones, incluido el COVID-19. Este sistema est\u00e1 destinado \u00fanicamente a personas que se encuentran actualmente en los Estados Unidos.<\/p>\n<p>[\/et_pb_text][et_pb_text _builder_version=&#8221;4.16&#8243; header_2_text_color=&#8221;#436998&#8243; global_colors_info=&#8221;{}&#8221;]<\/p>\n<h4>Para protegerse:<\/h4>\n<p>[\/et_pb_text][\/et_pb_column][\/et_pb_row][et_pb_row column_structure=&#8221;1_5,1_5,1_5,1_5,1_5&#8243; use_custom_gutter=&#8221;on&#8221; gutter_width=&#8221;2&#8243; _builder_version=&#8221;4.16&#8243; custom_padding=&#8221;0px||||false|false&#8221; global_colors_info=&#8221;{}&#8221;][et_pb_column type=&#8221;1_5&#8243; _builder_version=&#8221;4.16&#8243; global_colors_info=&#8221;{}&#8221;][et_pb_image src=&#8221;https:\/\/www.phcx.org\/es\/wp-content\/uploads\/2023\/05\/mask.png&#8221; _builder_version=&#8221;4.21.0&#8243; global_colors_info=&#8221;{}&#8221;][\/et_pb_image][\/et_pb_column][et_pb_column type=&#8221;1_5&#8243; _builder_version=&#8221;4.16&#8243; global_colors_info=&#8221;{}&#8221;][et_pb_image src=&#8221;https:\/\/www.phcx.org\/es\/wp-content\/uploads\/2023\/05\/monitor.png&#8221; _builder_version=&#8221;4.16&#8243; global_colors_info=&#8221;{}&#8221;][\/et_pb_image][\/et_pb_column][et_pb_column type=&#8221;1_5&#8243; _builder_version=&#8221;4.16&#8243; global_colors_info=&#8221;{}&#8221;][et_pb_image src=&#8221;https:\/\/www.phcx.org\/es\/wp-content\/uploads\/2023\/05\/social_distancing.png&#8221; _builder_version=&#8221;4.16&#8243; global_colors_info=&#8221;{}&#8221;][\/et_pb_image][\/et_pb_column][et_pb_column type=&#8221;1_5&#8243; _builder_version=&#8221;4.16&#8243; global_colors_info=&#8221;{}&#8221;][et_pb_image src=&#8221;https:\/\/www.phcx.org\/es\/wp-content\/uploads\/2023\/05\/cover.png&#8221; _builder_version=&#8221;4.16&#8243; global_colors_info=&#8221;{}&#8221;][\/et_pb_image][\/et_pb_column][et_pb_column type=&#8221;1_5&#8243; _builder_version=&#8221;4.16&#8243; global_colors_info=&#8221;{}&#8221;][et_pb_image src=&#8221;https:\/\/www.phcx.org\/es\/wp-content\/uploads\/2023\/05\/clean.png&#8221; _builder_version=&#8221;4.16&#8243; global_colors_info=&#8221;{}&#8221;][\/et_pb_image][\/et_pb_column][\/et_pb_row][et_pb_row column_structure=&#8221;1_5,1_5,1_5,1_5,1_5&#8243; use_custom_gutter=&#8221;on&#8221; gutter_width=&#8221;2&#8243; _builder_version=&#8221;4.16&#8243; custom_padding=&#8221;0px||||false|false&#8221; global_colors_info=&#8221;{}&#8221;][et_pb_column type=&#8221;1_5&#8243; _builder_version=&#8221;4.16&#8243; global_colors_info=&#8221;{}&#8221;][et_pb_image src=&#8221;https:\/\/www.phcx.org\/es\/wp-content\/uploads\/2023\/05\/stay_home.png&#8221; _builder_version=&#8221;4.16&#8243; global_colors_info=&#8221;{}&#8221;][\/et_pb_image][\/et_pb_column][et_pb_column type=&#8221;1_5&#8243; _builder_version=&#8221;4.16&#8243; global_colors_info=&#8221;{}&#8221;][et_pb_image src=&#8221;https:\/\/www.phcx.org\/es\/wp-content\/uploads\/2023\/05\/close_contact.png&#8221; _builder_version=&#8221;4.16&#8243; global_colors_info=&#8221;{}&#8221;][\/et_pb_image][\/et_pb_column][et_pb_column type=&#8221;1_5&#8243; _builder_version=&#8221;4.16&#8243; global_colors_info=&#8221;{}&#8221;][et_pb_image src=&#8221;https:\/\/www.phcx.org\/es\/wp-content\/uploads\/2023\/05\/doctor.png&#8221; _builder_version=&#8221;4.16&#8243; global_colors_info=&#8221;{}&#8221;][\/et_pb_image][\/et_pb_column][et_pb_column type=&#8221;1_5&#8243; _builder_version=&#8221;4.16&#8243; global_colors_info=&#8221;{}&#8221;][et_pb_image src=&#8221;https:\/\/www.phcx.org\/es\/wp-content\/uploads\/2023\/05\/wash_hands.png&#8221; _builder_version=&#8221;4.16&#8243; global_colors_info=&#8221;{}&#8221;][\/et_pb_image][\/et_pb_column][et_pb_column type=&#8221;1_5&#8243; _builder_version=&#8221;4.16&#8243; global_colors_info=&#8221;{}&#8221;][et_pb_image src=&#8221;https:\/\/www.phcx.org\/es\/wp-content\/uploads\/2023\/05\/touching.png&#8221; _builder_version=&#8221;4.16&#8243; global_colors_info=&#8221;{}&#8221;][\/et_pb_image][\/et_pb_column][\/et_pb_row][et_pb_row _builder_version=&#8221;4.16&#8243; global_colors_info=&#8221;{}&#8221;][et_pb_column type=&#8221;4_4&#8243; _builder_version=&#8221;4.16&#8243; global_colors_info=&#8221;{}&#8221;][et_pb_text _builder_version=&#8221;4.16&#8243; text_line_height=&#8221;1.8em&#8221; global_colors_info=&#8221;{}&#8221;]<\/p>\n<div class=\"row\">\n<div class=\"col\">\n<p>Si tiene otras inquietudes de salud relacionadas con COVID y COVID, llame a su proveedor de atenci\u00f3n m\u00e9dica o llame al Centro de Salud de Pasadena al 713-936-4293. Para obtener m\u00e1s informaci\u00f3n sobre COVID-19, visite\u00a0<a href=\"https:\/\/www.readyharris.org\/\" target=\"_blank\" rel=\"noopener noreferrer\">ReadyHarris.org<\/a>,\u00a0<a href=\"http:\/\/www.hcphtx.org\/\" target=\"_blank\" rel=\"noopener noreferrer\">Harris County Public Health,<\/a>\u00a0<a href=\"https:\/\/www.houstontx.gov\/health\/\" target=\"_blank\" rel=\"noopener noreferrer\">Houston Health Department<\/a>, &amp;\u00a0<a href=\"https:\/\/dshs.texas.gov\/coronavirus\/\" target=\"_blank\" rel=\"noopener noreferrer\">Texas Health and Human Services<\/a>.<\/p>\n<\/div>\n<\/div>\n<div class=\"row\">\n<div class=\"col\">\n<p>Pasadena Health Center tiene sitios m\u00f3viles que circulan por todo el condado y que pueden realizar pruebas a miembros de la comunidad de todas las edades. Estos sitios est\u00e1n abiertos 6 d\u00edas a la semana, de lunes a s\u00e1bado.<\/p>\n<p><strong>TENGA EN CUENTA<\/strong>: El domingo, las pruebas no est\u00e1n disponibles para personas menores de 13 a\u00f1os o personas que no pueden tomar muestras sin ayuda.<\/p>\n<\/div>\n<\/div>\n<p>[\/et_pb_text][et_pb_text _builder_version=&#8221;4.16&#8243; header_4_text_color=&#8221;#86031d&#8221; global_colors_info=&#8221;{}&#8221;]<\/p>\n<h4>Si es un paciente nuevo, complete los tres formularios para pacientes a continuaci\u00f3n y env\u00edelos por correo electr\u00f3nico a Diane antes de realizar su evaluaci\u00f3n.<br \/>Solo necesita <span style=\"text-decoration: underline;\">enviar una vez por persona<\/span>. Nuestro centro de salud est\u00e1 cerrado todos los d\u00edas festivos importantes, pero haremos todo lo posible para responder dentro de las 24 a 48 horas posteriores a la presentaci\u00f3n.<\/h4>\n<p><strong>Para preguntas adicionales o asistencia, <a href=\"https:\/\/www.phcx.org\/es\/contactenos\/\">comun\u00edquese con nuestra oficina principal<\/a>.<\/strong><\/p>\n<p>[\/et_pb_text][\/et_pb_column][\/et_pb_row][et_pb_row column_structure=&#8221;1_3,1_3,1_3&#8243; disabled_on=&#8221;on|on|on&#8221; module_class=&#8221;covid-button&#8221; _builder_version=&#8221;4.16&#8243; disabled=&#8221;on&#8221; global_colors_info=&#8221;{}&#8221;][et_pb_column type=&#8221;1_3&#8243; _builder_version=&#8221;4.16&#8243; global_colors_info=&#8221;{}&#8221;][et_pb_button button_url=&#8221;https:\/\/www.phcx.org\/es\/wp-content\/uploads\/2023\/05\/Registration-English-05-2020.docx.pdf&#8221; button_text=&#8221;PHC Patient Registration (ENG)&#8221; _builder_version=&#8221;4.21.0&#8243; global_colors_info=&#8221;{}&#8221;][\/et_pb_button][et_pb_button button_url=&#8221;https:\/\/www.phcx.org\/es\/wp-content\/uploads\/2023\/05\/Registration-Spanish-05-2020.docx.pdf&#8221; button_text=&#8221;PHC Patient Registration (SPA)&#8221; _builder_version=&#8221;4.21.0&#8243; global_colors_info=&#8221;{}&#8221;][\/et_pb_button][\/et_pb_column][et_pb_column type=&#8221;1_3&#8243; _builder_version=&#8221;4.16&#8243; global_colors_info=&#8221;{}&#8221;][et_pb_button button_url=&#8221;https:\/\/www.phcx.org\/es\/wp-content\/uploads\/2023\/05\/PHC-Patient-Rights-and-Responsibilities-English.doc.pdf&#8221; button_text=&#8221;PHC Patient Rights (ENG)&#8221; _builder_version=&#8221;4.21.0&#8243; global_colors_info=&#8221;{}&#8221;][\/et_pb_button][et_pb_button button_url=&#8221;https:\/\/www.phcx.org\/es\/wp-content\/uploads\/2023\/05\/PHC-Patient-Rights-and-Responsibilities-Spanish.doc.pdf&#8221; button_text=&#8221;PHC Patient Rights (SPA)&#8221; _builder_version=&#8221;4.21.0&#8243; global_colors_info=&#8221;{}&#8221;][\/et_pb_button][\/et_pb_column][et_pb_column type=&#8221;1_3&#8243; _builder_version=&#8221;4.16&#8243; global_colors_info=&#8221;{}&#8221;][et_pb_button button_url=&#8221;https:\/\/www.phcx.org\/es\/wp-content\/uploads\/2023\/05\/PHC-Eligibility-Application-English.doc.pdf&#8221; button_text=&#8221;PHC Eligibility Application (ENG)&#8221; _builder_version=&#8221;4.21.0&#8243; global_colors_info=&#8221;{}&#8221;][\/et_pb_button][et_pb_button button_url=&#8221;https:\/\/www.phcx.org\/es\/wp-content\/uploads\/2023\/05\/PHC-Eligibility-Application-Spanish.doc.pdf&#8221; button_text=&#8221;PHC Eligibility Application (SPA)&#8221; _builder_version=&#8221;4.21.0&#8243; global_colors_info=&#8221;{}&#8221;][\/et_pb_button][\/et_pb_column][\/et_pb_row][et_pb_row _builder_version=&#8221;4.16&#8243; custom_margin=&#8221;-80px||||false|false&#8221; global_colors_info=&#8221;{}&#8221;][et_pb_column type=&#8221;4_4&#8243; _builder_version=&#8221;4.16&#8243; global_colors_info=&#8221;{}&#8221;][et_pb_text _builder_version=&#8221;4.21.0&#8243; global_colors_info=&#8221;{}&#8221;]<\/p>\n\n<p>[\/et_pb_text][et_pb_button button_url=&#8221;https:\/\/www.phcx.org\/es\/assessment\/&#8221; button_text=&#8221;Realice la evaluaci\u00f3n de COVID-19&#8243; button_alignment=&#8221;left&#8221; _builder_version=&#8221;4.21.0&#8243; _module_preset=&#8221;default&#8221; custom_button=&#8221;on&#8221; button_text_size=&#8221;16px&#8221; button_text_color=&#8221;#FFFFFF&#8221; button_bg_color=&#8221;#820119&#8243; button_border_width=&#8221;0px&#8221; button_border_radius=&#8221;50px&#8221; button_icon=&#8221;&#x24;||divi||400&#8243; custom_padding=&#8221;10px|40px|10px|40px|false|false&#8221; locked=&#8221;off&#8221; global_colors_info=&#8221;{}&#8221; custom_padding__hover_enabled=&#8221;on|desktop&#8221; custom_padding__hover=&#8221;|50px|||false|false&#8221; button_border_width__hover_enabled=&#8221;on|hover&#8221; button_border_width__hover=&#8221;0px&#8221;][\/et_pb_button][\/et_pb_column][\/et_pb_row][et_pb_row disabled_on=&#8221;off|off|off&#8221; _builder_version=&#8221;4.16&#8243; global_colors_info=&#8221;{}&#8221;][et_pb_column type=&#8221;4_4&#8243; _builder_version=&#8221;4.16&#8243; global_colors_info=&#8221;{}&#8221;][\/et_pb_column][\/et_pb_row][\/et_pb_section]<\/p>\n","protected":false},"excerpt":{"rendered":"<p>El prop\u00f3sito de la Evaluaci\u00f3n COVID-19 del Condado de Harris es ayudarlo a tomar una decisi\u00f3n sobre si usted, o alguien bajo su cuidado, puede querer hacerse una prueba de COVID-19. La autoevaluaci\u00f3n tiene \u00fanicamente fines informativos. No es una opini\u00f3n m\u00e9dica profesional y no puede diagnosticar si tienes COVID-19. Por favor complete todo el [&hellip;]<\/p>\n","protected":false},"author":1,"featured_media":8929,"parent":0,"menu_order":0,"comment_status":"closed","ping_status":"closed","template":"","meta":{"_et_pb_use_builder":"on","_et_pb_old_content":"","_et_gb_content_width":"","footnotes":""},"class_list":["post-5641","page","type-page","status-publish","has-post-thumbnail","hentry"],"aioseo_notices":[],"_links":{"self":[{"href":"https:\/\/www.phcx.org\/es\/wp-json\/wp\/v2\/pages\/5641","targetHints":{"allow":["GET"]}}],"collection":[{"href":"https:\/\/www.phcx.org\/es\/wp-json\/wp\/v2\/pages"}],"about":[{"href":"https:\/\/www.phcx.org\/es\/wp-json\/wp\/v2\/types\/page"}],"author":[{"embeddable":true,"href":"https:\/\/www.phcx.org\/es\/wp-json\/wp\/v2\/users\/1"}],"replies":[{"embeddable":true,"href":"https:\/\/www.phcx.org\/es\/wp-json\/wp\/v2\/comments?post=5641"}],"version-history":[{"count":15,"href":"https:\/\/www.phcx.org\/es\/wp-json\/wp\/v2\/pages\/5641\/revisions"}],"predecessor-version":[{"id":8935,"href":"https:\/\/www.phcx.org\/es\/wp-json\/wp\/v2\/pages\/5641\/revisions\/8935"}],"wp:featuredmedia":[{"embeddable":true,"href":"https:\/\/www.phcx.org\/es\/wp-json\/wp\/v2\/media\/8929"}],"wp:attachment":[{"href":"https:\/\/www.phcx.org\/es\/wp-json\/wp\/v2\/media?parent=5641"}],"curies":[{"name":"wp","href":"https:\/\/api.w.org\/{rel}","templated":true}]}}